{"id":214,"date":"2022-11-30T17:27:28","date_gmt":"2022-11-30T17:27:28","guid":{"rendered":"https:\/\/sosw2grudziadz.pl\/?page_id=214"},"modified":"2025-08-05T12:48:04","modified_gmt":"2025-08-05T12:48:04","slug":"informacja-o-szkole","status":"publish","type":"page","link":"https:\/\/sosw2grudziadz.pl\/index.php\/informacja-o-szkole\/","title":{"rendered":"Informacja o szkole"},"content":{"rendered":"\n<p>W O\u015brodku Szkolno- Wychowawczym Nr 2 w Grudzi\u0105dzu kszta\u0142c\u0105 si\u0119 uczniowie w <strong>Bran\u017cowej Szkole I Stopnia<\/strong>. Kandydaci do naszej szko\u0142y<br>(osoby posiadaj\u0105ce <strong>orzeczenie o potrzebie kszta\u0142cenia specjalnego oraz ze spektrum autyzmu<\/strong>) maj\u0105 mo\u017cliwo\u015b\u0107 wyboru zawodu spo\u015br\u00f3d<br>szerokiej gamy bran\u017c w ramach systemu kszta\u0142cenia zawodowego i odpowiadaj\u0105cych potrzebom rynku pracy.<br><strong>Bran\u017ca audiowizualna AUD<\/strong><br>&#8211; Fotograf<br><strong>Bran\u017ca budowlana BUD<\/strong><br>&#8211; Monter zabudowy i rob\u00f3t wyko\u0144czeniowych w budownictwie<br><strong>Bran\u017ca fryzjersko- kosmetyczna FRK<\/strong><br>&#8211; Fryzjer<br><strong>Bran\u017ca hotelarsko- gastronomiczno- turystyczna HGT<\/strong><br>&#8211; Kucharz<br>&#8211; Pracownik pomocniczy obs\u0142ugi hotelowej<br><strong>Bran\u017ca mechaniczna MEC<\/strong><br>&#8211; \u015alusarz<br><strong>Bran\u017ca spo\u017cywcza SPC<\/strong><br>&#8211; Cukiernik<\/p>\n\n\n\n<p>Uczniowie maj\u0105 mo\u017cliwo\u015b\u0107 nauki i pracy w <strong>nowoczesnych klasach i pracowniach <\/strong>praktycznej nauki zawodu. M\u0142odzie\u017c obj\u0119ta jest <strong>specjalistyczn\u0105 pomoc\u0105 <\/strong>rewalidacyjn\u0105, terapeutyczn\u0105, psychologiczn\u0105 i logopedyczn\u0105. Uczniowie mog\u0105 korzysta\u0107 z <strong>internatu<\/strong>, gdzie zapewniona jest <strong>ca\u0142odobowa opieka wychowawcza<\/strong>, pe\u0142ne wy\u017cywienie i opieka medyczna. Pobyt w O\u015brodku to nauka i mo\u017cliwo\u015b\u0107 rozwijania indywidualnych uzdolnie\u0144 w ko\u0142ach zainteresowa\u0144 np. ko\u0142a: plastyczne, sportowe, turystyczno \u2013 krajoznawcze, ekologiczne, wiedzy prawnej, kulinarne, komputerowe, PCK oraz zesp\u00f3\u0142 wokalno \u2013 muzyczny. Efektem pracy s\u0105 nagrody zdobywane przez uczni\u00f3w w olimpiadach, konkursach i zawodach na szczeblu krajowym, regionalnym, wojew\u00f3dzkim i lokalnym.<br>Szko\u0142a Bran\u017cowa I Stopnia w Grudzi\u0105dzu jest szko\u0142\u0105, w kt\u00f3rej m\u0142odzie\u017c r\u00f3wnie\u017c pe\u0142noletnia z niepe\u0142nosprawno\u015bciami mo\u017ce nauczy\u0107 si\u0119 zawodu, korzystaj\u0105c z szerokiej oferty kwalifikacji. Umiej\u0119tno\u015bci i do\u015bwiadczenie uczniowie zdobywaj\u0105 podczas praktyk organizowanych w szkole i w renomowanych zak\u0142adach pracy. Nauczyciele dok\u0142adaj\u0105 wszelkich stara\u0144, by absolwenci byli jak najlepiej wyposa\u017ceni w wiedz\u0119 i umiej\u0119tno\u015bci umo\u017cliwiaj\u0105ce pe\u0142ne funkcjonowanie zawodowe i spo\u0142eczne.<\/p>\n\n\n\n<p><strong>W ostatnim roku nauki uczniowie przyst\u0119puj\u0105 do egzaminu zawodowego, a po jego zdaniu otrzymuj\u0105 dyplom zawodowy. Jest to taki sam dyplom jak we wszystkich szko\u0142ach bran\u017cowych.<\/strong><\/p>\n","protected":false},"excerpt":{"rendered":"<p>W O\u015brodku Szkolno- Wychowawczym Nr 2 w Grudzi\u0105dzu kszta\u0142c\u0105 si\u0119 uczniowie w Bran\u017cowej Szkole I Stopnia. Kandydaci do naszej szko\u0142y(osoby posiadaj\u0105ce orzeczenie o potrzebie kszta\u0142cenia specjalnego oraz ze spektrum autyzmu) maj\u0105 mo\u017cliwo\u015b\u0107 wyboru zawodu spo\u015br\u00f3dszerokiej gamy bran\u017c w ramach systemu kszta\u0142cenia zawodowego i odpowiadaj\u0105cych [&hellip;]<\/p>\n","protected":false},"author":1,"featured_media":0,"parent":0,"menu_order":0,"comment_status":"closed","ping_status":"closed","template":"","meta":{"_uag_custom_page_level_css":"","site-sidebar-layout":"default","site-content-layout":"","ast-site-content-layout":"default","site-content-style":"default","site-sidebar-style":"default","ast-global-header-display":"","ast-banner-title-visibility":"","ast-main-header-display":"","ast-hfb-above-header-display":"","ast-hfb-below-header-display":"","ast-hfb-mobile-header-display":"","site-post-title":"","ast-breadcrumbs-content":"","ast-featured-img":"","footer-sml-layout":"","ast-disable-related-posts":"","theme-transparent-header-meta":"","adv-header-id-meta":"","stick-header-meta":"","header-above-stick-meta":"","header-main-stick-meta":"","header-below-stick-meta":"","astra-migrate-meta-layouts":"set","ast-page-background-enabled":"default","ast-page-background-meta":{"desktop":{"background-color":"var(--ast-global-color-4)","background-image":"","background-repeat":"repeat","background-position":"center center","background-size":"auto","background-attachment":"scroll","background-type":"","background-media":"","overlay-type":"","overlay-color":"","overlay-opacity":"","overlay-gradient":""},"tablet":{"background-color":"","background-image":"","background-repeat":"repeat","background-position":"center center","background-size":"auto","background-attachment":"scroll","background-type":"","background-media":"","overlay-type":"","overlay-color":"","overlay-opacity":"","overlay-gradient":""},"mobile":{"background-color":"","background-image":"","background-repeat":"repeat","background-position":"center center","background-size":"auto","background-attachment":"scroll","background-type":"","background-media":"","overlay-type":"","overlay-color":"","overlay-opacity":"","overlay-gradient":""}},"ast-content-background-meta":{"desktop":{"background-color":"var(--ast-global-color-5)","background-image":"","background-repeat":"repeat","background-position":"center center","background-size":"auto","background-attachment":"scroll","background-type":"","background-media":"","overlay-type":"","overlay-color":"","overlay-opacity":"","overlay-gradient":""},"tablet":{"background-color":"var(--ast-global-color-5)","background-image":"","background-repeat":"repeat","background-position":"center center","background-size":"auto","background-attachment":"scroll","background-type":"","background-media":"","overlay-type":"","overlay-color":"","overlay-opacity":"","overlay-gradient":""},"mobile":{"background-color":"var(--ast-global-color-5)","background-image":"","background-repeat":"repeat","background-position":"center center","background-size":"auto","background-attachment":"scroll","background-type":"","background-media":"","overlay-type":"","overlay-color":"","overlay-opacity":"","overlay-gradient":""}},"footnotes":""},"categories":[4],"tags":[],"class_list":["post-214","page","type-page","status-publish","hentry","category-szkola"],"uagb_featured_image_src":{"full":false,"thumbnail":false,"medium":false,"medium_large":false,"large":false,"1536x1536":false,"2048x2048":false},"uagb_author_info":{"display_name":"admin","author_link":"https:\/\/sosw2grudziadz.pl\/index.php\/author\/admin\/"},"uagb_comment_info":0,"uagb_excerpt":"W O\u015brodku Szkolno- Wychowawczym Nr 2 w Grudzi\u0105dzu kszta\u0142c\u0105 si\u0119 uczniowie w Bran\u017cowej Szkole I Stopnia. Kandydaci do naszej szko\u0142y(osoby posiadaj\u0105ce orzeczenie o potrzebie kszta\u0142cenia specjalnego oraz ze spektrum autyzmu) maj\u0105 mo\u017cliwo\u015b\u0107 wyboru zawodu spo\u015br\u00f3dszerokiej gamy bran\u017c w ramach systemu kszta\u0142cenia zawodowego i odpowiadaj\u0105cych [&hellip;]","_links":{"self":[{"href":"https:\/\/sosw2grudziadz.pl\/index.php\/wp-json\/wp\/v2\/pages\/214","targetHints":{"allow":["GET"]}}],"collection":[{"href":"https:\/\/sosw2grudziadz.pl\/index.php\/wp-json\/wp\/v2\/pages"}],"about":[{"href":"https:\/\/sosw2grudziadz.pl\/index.php\/wp-json\/wp\/v2\/types\/page"}],"author":[{"embeddable":true,"href":"https:\/\/sosw2grudziadz.pl\/index.php\/wp-json\/wp\/v2\/users\/1"}],"replies":[{"embeddable":true,"href":"https:\/\/sosw2grudziadz.pl\/index.php\/wp-json\/wp\/v2\/comments?post=214"}],"version-history":[{"count":4,"href":"https:\/\/sosw2grudziadz.pl\/index.php\/wp-json\/wp\/v2\/pages\/214\/revisions"}],"predecessor-version":[{"id":936,"href":"https:\/\/sosw2grudziadz.pl\/index.php\/wp-json\/wp\/v2\/pages\/214\/revisions\/936"}],"wp:attachment":[{"href":"https:\/\/sosw2grudziadz.pl\/index.php\/wp-json\/wp\/v2\/media?parent=214"}],"wp:term":[{"taxonomy":"category","embeddable":true,"href":"https:\/\/sosw2grudziadz.pl\/index.php\/wp-json\/wp\/v2\/categories?post=214"},{"taxonomy":"post_tag","embeddable":true,"href":"https:\/\/sosw2grudziadz.pl\/index.php\/wp-json\/wp\/v2\/tags?post=214"}],"curies":[{"name":"wp","href":"https:\/\/api.w.org\/{rel}","templated":true}]}}