{"id":220,"date":"2022-11-30T17:27:28","date_gmt":"2022-11-30T17:27:28","guid":{"rendered":"https:\/\/sosw2grudziadz.pl\/?page_id=220"},"modified":"2022-12-09T07:17:23","modified_gmt":"2022-12-09T07:17:23","slug":"nasz-patron-3","status":"publish","type":"page","link":"https:\/\/sosw2grudziadz.pl\/index.php\/nasz-patron-3\/","title":{"rendered":"Nasz Patron"},"content":{"rendered":"\n<p><\/p>\n\n\n\n<div class=\"wp-block-columns is-layout-flex wp-container-core-columns-is-layout-28f84493 wp-block-columns-is-layout-flex\">\n<div class=\"wp-block-column is-layout-flow wp-block-column-is-layout-flow\" style=\"flex-basis:33.33%\">\n<div class=\"wp-block-uagb-image uagb-block-54aa51a2 wp-block-uagb-image--layout-default wp-block-uagb-image--effect-static wp-block-uagb-image--align-none\"><figure class=\"wp-block-uagb-image__figure\"><img decoding=\"async\" srcset=\"https:\/\/sosw2grudziadz.pl\/wp-content\/uploads\/2022\/12\/kirejczyk.jpg \" src=\"https:\/\/sosw2grudziadz.pl\/wp-content\/uploads\/2022\/12\/kirejczyk.jpg\" alt=\"\" class=\"uag-image-375\" title=\"\" loading=\"lazy\"\/><\/figure><\/div>\n<\/div>\n\n\n\n<div class=\"wp-block-column is-layout-flow wp-block-column-is-layout-flow\" style=\"flex-basis:66.66%\">\n<h2 class=\"wp-block-heading\">KAZIMIERZ KIREJCZYK (1910-1986<\/h2>\n\n\n\n<div class=\"wp-block-uagb-blockquote uagb-block-8fb63c48 uagb-blockquote__skin-quotation uagb-blockquote__align-center uagb-blockquote__style-style_1 uagb-blockquote__stack-img-none\"><blockquote class=\"uagb-blockquote\"><span class=\"uagb-blockquote__icon\"><svg width=\"20\" height=\"20\" viewBox=\"0 0 32 32\"><path d=\"M7.031 14c3.866 0 7 3.134 7 7s-3.134 7-7 7-7-3.134-7-7l-0.031-1c0-7.732 6.268-14 14-14v4c-2.671 0-5.182 1.040-7.071 2.929-0.364 0.364-0.695 0.751-0.995 1.157 0.357-0.056 0.724-0.086 1.097-0.086zM25.031 14c3.866 0 7 3.134 7 7s-3.134 7-7 7-7-3.134-7-7l-0.031-1c0-7.732 6.268-14 14-14v4c-2.671 0-5.182 1.040-7.071 2.929-0.364 0.364-0.695 0.751-0.995 1.157 0.358-0.056 0.724-0.086 1.097-0.086z\"><\/path><\/svg><\/span><div class=\"uagb-blockquote__content\">&#8221; Patrzy\u0142 i widzia\u0142, s\u0142ucha\u0142 i s\u0142ysza\u0142&#8230; Takim by\u0142&#8230;&#8221;<\/div><footer><div class=\"uagb-blockquote__author-wrap uagb-blockquote__author-at-left\"><cite class=\"uagb-blockquote__author\">KAZIMIERZ KIREJCZYK<\/cite><\/div><\/footer><\/blockquote><\/div>\n\n\n\n<p class=\"has-text-align-left\">Kazimierz Kirejczyk to posta\u0107 wielce znacz\u0105ca dla rozwoju pedagogiki specjalnej w naszym kraju. By\u0142 wybitnym uczonym, nauczycielem-praktykiem, dzia\u0142aczem spo\u0142ecznym na rzecz ludzi niepe\u0142nosprawnych.<br><br>Swoje ca\u0142e \u017cycie po\u015bwi\u0119ci\u0142 problematyce pedagogiki specjalnej i szkolnictwa specjalnego. By\u0142 cz\u0142owiekiem niezwykle aktywnym. Pracowa\u0142 naukowo, pisa\u0142 artyku\u0142y do prasy pedagogicznej, wydawa\u0142 ksi\u0105\u017cki (np. &#8222;G\u0142usi &#8211; wybrane zagadnienia&#8221;, &#8222;Pomoc dzieciom maj\u0105cym trudno\u015bci w nauce&#8221;, &#8222;Upo\u015bledzenie umys\u0142owe &#8211; pedagogika&#8221;), wyg\u0142asza\u0142 referaty na zjazdach i konferencjach zar\u00f3wno w kraju, jak i zagranic\u0105, prowadzi\u0142 wyk\u0142ady dla student\u00f3w, przysz\u0142ych nauczycieli. W 1973 r ze wzgl\u0119du na stan zdrowia przeszed\u0142 na emerytur\u0119, ale do ko\u0144ca \u017cycia prowadzi\u0142 zaj\u0119cia ze studentami Wy\u017cszej Szko\u0142y Pedagogiki Specjalnej (obecnie Akademii Pedagogiki Specjalnej) w Warszawie.<br><br>Za prac\u0119 i dzia\u0142alno\u015b\u0107 na rzecz os\u00f3b niepe\u0142nosprawnych otrzyma\u0142 wiele odznacze\u0144, nagr\u00f3d i wyr\u00f3\u017cnie\u0144, na kt\u00f3re zas\u0142u\u017cy\u0142 ca\u0142ym swoim \u017cyciem. By\u0142 nie tylko wybitnym pedagogiem, uczonym i praktykiem pozwalaj\u0105cym zrozumie\u0107 istot\u0119 i konsekwencje niepe\u0142nosprawno\u015bci, ale tak\u017ce \u017cyczliwym i skromnym cz\u0142owiekiem. Pozostawi\u0142 po sobie nie tylko dzie\u0142a, z kt\u00f3rych do dzi\u015b korzystaj\u0105 studenci i nauczyciele, ale wdzi\u0119czn\u0105 pami\u0119\u0107 ludzi, z kt\u00f3rymi i dla kt\u00f3rych pracowa\u0142.<br><br>Dorobek naukowy Kazimierza Kirejczyka sta\u0142 si\u0119 \u017ar\u00f3d\u0142em wiedzy dla nast\u0119pnych pokole\u0144 nauczycieli szk\u00f3\u0142 specjalnych. Pozostawione ksi\u0105\u017cki i artyku\u0142y s\u0105 aktualne i wci\u0105\u017c zyskuj\u0105 na znaczeniu. S\u0105 one zaproszeniem do my\u015blenia, pozwalaj\u0105 odnajdywa\u0107 zwi\u0105zki mi\u0119dzy wieloma przejawami otaczaj\u0105cej nas rzeczywisto\u015bci, ucz\u0105 szacunku i tolerancji. Ka\u017cdy, kto chce by\u0107 dobrym nauczycielem, powinien spr\u00f3bowa\u0107 wsp\u00f3lnej drogi razem z Kazimierzem Kirejczykiem.<\/p>\n<\/div>\n<\/div>\n","protected":false},"excerpt":{"rendered":"<p>KAZIMIERZ KIREJCZYK (1910-1986 Kazimierz Kirejczyk to posta\u0107 wielce znacz\u0105ca dla rozwoju pedagogiki specjalnej w naszym kraju. By\u0142 wybitnym uczonym, nauczycielem-praktykiem, dzia\u0142aczem spo\u0142ecznym na rzecz ludzi niepe\u0142nosprawnych. Swoje ca\u0142e \u017cycie po\u015bwi\u0119ci\u0142 problematyce pedagogiki specjalnej i szkolnictwa specjalnego. By\u0142 cz\u0142owiekiem niezwykle aktywnym. Pracowa\u0142 naukowo, pisa\u0142 artyku\u0142y [&hellip;]<\/p>\n","protected":false},"author":1,"featured_media":0,"parent":0,"menu_order":0,"comment_status":"closed","ping_status":"closed","template":"","meta":{"_uag_custom_page_level_css":"","site-sidebar-layout":"default","site-content-layout":"","ast-site-content-layout":"default","site-content-style":"default","site-sidebar-style":"default","ast-global-header-display":"","ast-banner-title-visibility":"","ast-main-header-display":"","ast-hfb-above-header-display":"","ast-hfb-below-header-display":"","ast-hfb-mobile-header-display":"","site-post-title":"","ast-breadcrumbs-content":"","ast-featured-img":"","footer-sml-layout":"","ast-disable-related-posts":"","theme-transparent-header-meta":"","adv-header-id-meta":"","stick-header-meta":"","header-above-stick-meta":"","header-main-stick-meta":"","header-below-stick-meta":"","astra-migrate-meta-layouts":"default","ast-page-background-enabled":"default","ast-page-background-meta":{"desktop":{"background-color":"var(--ast-global-color-4)","background-image":"","background-repeat":"repeat","background-position":"center center","background-size":"auto","background-attachment":"scroll","background-type":"","background-media":"","overlay-type":"","overlay-color":"","overlay-opacity":"","overlay-gradient":""},"tablet":{"background-color":"","background-image":"","background-repeat":"repeat","background-position":"center center","background-size":"auto","background-attachment":"scroll","background-type":"","background-media":"","overlay-type":"","overlay-color":"","overlay-opacity":"","overlay-gradient":""},"mobile":{"background-color":"","background-image":"","background-repeat":"repeat","background-position":"center center","background-size":"auto","background-attachment":"scroll","background-type":"","background-media":"","overlay-type":"","overlay-color":"","overlay-opacity":"","overlay-gradient":""}},"ast-content-background-meta":{"desktop":{"background-color":"var(--ast-global-color-5)","background-image":"","background-repeat":"repeat","background-position":"center center","background-size":"auto","background-attachment":"scroll","background-type":"","background-media":"","overlay-type":"","overlay-color":"","overlay-opacity":"","overlay-gradient":""},"tablet":{"background-color":"var(--ast-global-color-5)","background-image":"","background-repeat":"repeat","background-position":"center center","background-size":"auto","background-attachment":"scroll","background-type":"","background-media":"","overlay-type":"","overlay-color":"","overlay-opacity":"","overlay-gradient":""},"mobile":{"background-color":"var(--ast-global-color-5)","background-image":"","background-repeat":"repeat","background-position":"center center","background-size":"auto","background-attachment":"scroll","background-type":"","background-media":"","overlay-type":"","overlay-color":"","overlay-opacity":"","overlay-gradient":""}},"footnotes":""},"categories":[4],"tags":[],"class_list":["post-220","page","type-page","status-publish","hentry","category-szkola"],"uagb_featured_image_src":{"full":false,"thumbnail":false,"medium":false,"medium_large":false,"large":false,"1536x1536":false,"2048x2048":false},"uagb_author_info":{"display_name":"admin","author_link":"https:\/\/sosw2grudziadz.pl\/index.php\/author\/admin\/"},"uagb_comment_info":0,"uagb_excerpt":"KAZIMIERZ KIREJCZYK (1910-1986 Kazimierz Kirejczyk to posta\u0107 wielce znacz\u0105ca dla rozwoju pedagogiki specjalnej w naszym kraju. By\u0142 wybitnym uczonym, nauczycielem-praktykiem, dzia\u0142aczem spo\u0142ecznym na rzecz ludzi niepe\u0142nosprawnych. Swoje ca\u0142e \u017cycie po\u015bwi\u0119ci\u0142 problematyce pedagogiki specjalnej i szkolnictwa specjalnego. By\u0142 cz\u0142owiekiem niezwykle aktywnym. Pracowa\u0142 naukowo, pisa\u0142 artyku\u0142y [&hellip;]","_links":{"self":[{"href":"https:\/\/sosw2grudziadz.pl\/index.php\/wp-json\/wp\/v2\/pages\/220","targetHints":{"allow":["GET"]}}],"collection":[{"href":"https:\/\/sosw2grudziadz.pl\/index.php\/wp-json\/wp\/v2\/pages"}],"about":[{"href":"https:\/\/sosw2grudziadz.pl\/index.php\/wp-json\/wp\/v2\/types\/page"}],"author":[{"embeddable":true,"href":"https:\/\/sosw2grudziadz.pl\/index.php\/wp-json\/wp\/v2\/users\/1"}],"replies":[{"embeddable":true,"href":"https:\/\/sosw2grudziadz.pl\/index.php\/wp-json\/wp\/v2\/comments?post=220"}],"version-history":[{"count":3,"href":"https:\/\/sosw2grudziadz.pl\/index.php\/wp-json\/wp\/v2\/pages\/220\/revisions"}],"predecessor-version":[{"id":377,"href":"https:\/\/sosw2grudziadz.pl\/index.php\/wp-json\/wp\/v2\/pages\/220\/revisions\/377"}],"wp:attachment":[{"href":"https:\/\/sosw2grudziadz.pl\/index.php\/wp-json\/wp\/v2\/media?parent=220"}],"wp:term":[{"taxonomy":"category","embeddable":true,"href":"https:\/\/sosw2grudziadz.pl\/index.php\/wp-json\/wp\/v2\/categories?post=220"},{"taxonomy":"post_tag","embeddable":true,"href":"https:\/\/sosw2grudziadz.pl\/index.php\/wp-json\/wp\/v2\/tags?post=220"}],"curies":[{"name":"wp","href":"https:\/\/api.w.org\/{rel}","templated":true}]}}