{"id":805,"date":"2022-11-30T17:27:28","date_gmt":"2022-11-30T17:27:28","guid":{"rendered":"https:\/\/sosw2grudziadz.pl\/?page_id=805"},"modified":"2026-03-24T12:34:55","modified_gmt":"2026-03-24T12:34:55","slug":"aktualnosci","status":"publish","type":"page","link":"https:\/\/sosw2grudziadz.pl\/index.php\/aktualnosci\/","title":{"rendered":"Aktualno\u015bci"},"content":{"rendered":"\n<figure class=\"wp-block-image size-large\"><img loading=\"lazy\" decoding=\"async\" width=\"1024\" height=\"679\" src=\"https:\/\/sosw2grudziadz.pl\/wp-content\/uploads\/2026\/03\/dotacje-1024x679.png\" alt=\"\" class=\"wp-image-978\" srcset=\"https:\/\/sosw2grudziadz.pl\/wp-content\/uploads\/2026\/03\/dotacje-1024x679.png 1024w, https:\/\/sosw2grudziadz.pl\/wp-content\/uploads\/2026\/03\/dotacje-300x199.png 300w, https:\/\/sosw2grudziadz.pl\/wp-content\/uploads\/2026\/03\/dotacje-768x510.png 768w, https:\/\/sosw2grudziadz.pl\/wp-content\/uploads\/2026\/03\/dotacje-1536x1019.png 1536w, https:\/\/sosw2grudziadz.pl\/wp-content\/uploads\/2026\/03\/dotacje.png 1542w\" sizes=\"auto, (max-width: 1024px) 100vw, 1024px\" \/><\/figure>\n\n\n\n<p><\/p>\n\n\n\n<p style=\"margin-bottom:var(--wp--preset--spacing--60);font-size:22px\"><a href=\"\/pliki\/telefony_zaufania.pdf\">Telefony zaufania<\/a><\/p>\n\n\n\n<p>Informujemy, internat b\u0119dzie czynny od poniedzia\u0142ku od godziny 6.30 do pi\u0105tku do godziny 15.30. W zwi\u0105zku z tym w niedziel\u0119 Internat b\u0119dzie nieczynny.<\/p>\n\n\n\n<p>W ka\u017cdy poniedzia\u0142ek lekcje zaczyna\u0107 si\u0119 b\u0119d\u0105 o godzinie 8.50.<\/p>\n\n\n\n<p><\/p>\n","protected":false},"excerpt":{"rendered":"<p>Telefony zaufania Informujemy, internat b\u0119dzie czynny od poniedzia\u0142ku od godziny 6.30 do pi\u0105tku do godziny 15.30. W zwi\u0105zku z tym w niedziel\u0119 Internat b\u0119dzie nieczynny. W ka\u017cdy poniedzia\u0142ek lekcje zaczyna\u0107 si\u0119 b\u0119d\u0105 o godzinie 8.50.<\/p>\n","protected":false},"author":2,"featured_media":0,"parent":0,"menu_order":0,"comment_status":"closed","ping_status":"closed","template":"","meta":{"_uag_custom_page_level_css":"","site-sidebar-layout":"default","site-content-layout":"","ast-site-content-layout":"default","site-content-style":"default","site-sidebar-style":"default","ast-global-header-display":"","ast-banner-title-visibility":"","ast-main-header-display":"","ast-hfb-above-header-display":"","ast-hfb-below-header-display":"","ast-hfb-mobile-header-display":"","site-post-title":"","ast-breadcrumbs-content":"","ast-featured-img":"","footer-sml-layout":"","ast-disable-related-posts":"","theme-transparent-header-meta":"","adv-header-id-meta":"","stick-header-meta":"","header-above-stick-meta":"","header-main-stick-meta":"","header-below-stick-meta":"","astra-migrate-meta-layouts":"set","ast-page-background-enabled":"default","ast-page-background-meta":{"desktop":{"background-color":"var(--ast-global-color-4)","background-image":"","background-repeat":"repeat","background-position":"center center","background-size":"auto","background-attachment":"scroll","background-type":"","background-media":"","overlay-type":"","overlay-color":"","overlay-opacity":"","overlay-gradient":""},"tablet":{"background-color":"","background-image":"","background-repeat":"repeat","background-position":"center center","background-size":"auto","background-attachment":"scroll","background-type":"","background-media":"","overlay-type":"","overlay-color":"","overlay-opacity":"","overlay-gradient":""},"mobile":{"background-color":"","background-image":"","background-repeat":"repeat","background-position":"center center","background-size":"auto","background-attachment":"scroll","background-type":"","background-media":"","overlay-type":"","overlay-color":"","overlay-opacity":"","overlay-gradient":""}},"ast-content-background-meta":{"desktop":{"background-color":"var(--ast-global-color-5)","background-image":"","background-repeat":"repeat","background-position":"center center","background-size":"auto","background-attachment":"scroll","background-type":"","background-media":"","overlay-type":"","overlay-color":"","overlay-opacity":"","overlay-gradient":""},"tablet":{"background-color":"var(--ast-global-color-5)","background-image":"","background-repeat":"repeat","background-position":"center center","background-size":"auto","background-attachment":"scroll","background-type":"","background-media":"","overlay-type":"","overlay-color":"","overlay-opacity":"","overlay-gradient":""},"mobile":{"background-color":"var(--ast-global-color-5)","background-image":"","background-repeat":"repeat","background-position":"center center","background-size":"auto","background-attachment":"scroll","background-type":"","background-media":"","overlay-type":"","overlay-color":"","overlay-opacity":"","overlay-gradient":""}},"footnotes":""},"categories":[4],"tags":[],"class_list":["post-805","page","type-page","status-publish","hentry","category-szkola"],"uagb_featured_image_src":{"full":false,"thumbnail":false,"medium":false,"medium_large":false,"large":false,"1536x1536":false,"2048x2048":false},"uagb_author_info":{"display_name":"Miacha\u0142 Tarkowski","author_link":"https:\/\/sosw2grudziadz.pl\/index.php\/author\/michal\/"},"uagb_comment_info":0,"uagb_excerpt":"Telefony zaufania Informujemy, internat b\u0119dzie czynny od poniedzia\u0142ku od godziny 6.30 do pi\u0105tku do godziny 15.30. W zwi\u0105zku z tym w niedziel\u0119 Internat b\u0119dzie nieczynny. W ka\u017cdy poniedzia\u0142ek lekcje zaczyna\u0107 si\u0119 b\u0119d\u0105 o godzinie 8.50.","_links":{"self":[{"href":"https:\/\/sosw2grudziadz.pl\/index.php\/wp-json\/wp\/v2\/pages\/805","targetHints":{"allow":["GET"]}}],"collection":[{"href":"https:\/\/sosw2grudziadz.pl\/index.php\/wp-json\/wp\/v2\/pages"}],"about":[{"href":"https:\/\/sosw2grudziadz.pl\/index.php\/wp-json\/wp\/v2\/types\/page"}],"author":[{"embeddable":true,"href":"https:\/\/sosw2grudziadz.pl\/index.php\/wp-json\/wp\/v2\/users\/2"}],"replies":[{"embeddable":true,"href":"https:\/\/sosw2grudziadz.pl\/index.php\/wp-json\/wp\/v2\/comments?post=805"}],"version-history":[{"count":11,"href":"https:\/\/sosw2grudziadz.pl\/index.php\/wp-json\/wp\/v2\/pages\/805\/revisions"}],"predecessor-version":[{"id":979,"href":"https:\/\/sosw2grudziadz.pl\/index.php\/wp-json\/wp\/v2\/pages\/805\/revisions\/979"}],"wp:attachment":[{"href":"https:\/\/sosw2grudziadz.pl\/index.php\/wp-json\/wp\/v2\/media?parent=805"}],"wp:term":[{"taxonomy":"category","embeddable":true,"href":"https:\/\/sosw2grudziadz.pl\/index.php\/wp-json\/wp\/v2\/categories?post=805"},{"taxonomy":"post_tag","embeddable":true,"href":"https:\/\/sosw2grudziadz.pl\/index.php\/wp-json\/wp\/v2\/tags?post=805"}],"curies":[{"name":"wp","href":"https:\/\/api.w.org\/{rel}","templated":true}]}}